{"id":7,"date":"2022-12-18T12:44:53","date_gmt":"2022-12-18T12:44:53","guid":{"rendered":"https:\/\/www.deborah-firmin.fr\/?page_id=7"},"modified":"2024-02-21T20:42:38","modified_gmt":"2024-02-21T20:42:38","slug":"page-daccueil","status":"publish","type":"page","link":"https:\/\/www.deborah-firmin.fr\/","title":{"rendered":"Page d&rsquo;accueil"},"content":{"rendered":"\t\t<div data-elementor-type=\"wp-page\" data-elementor-id=\"7\" class=\"elementor elementor-7\">\n\t\t\t\t\t\t<section class=\"elementor-section elementor-top-section elementor-element elementor-element-d90f99a elementor-section-boxed elementor-section-height-default elementor-section-height-default\" data-id=\"d90f99a\" data-element_type=\"section\" data-e-type=\"section\">\n\t\t\t\t\t\t<div class=\"elementor-container elementor-column-gap-default\">\n\t\t\t\t\t<div class=\"elementor-column elementor-col-100 elementor-top-column elementor-element elementor-element-ae82253\" data-id=\"ae82253\" data-element_type=\"column\" data-e-type=\"column\">\n\t\t\t<div class=\"elementor-widget-wrap elementor-element-populated\">\n\t\t\t\t\t\t<div class=\"elementor-element elementor-element-e743ba7 elementor-widget elementor-widget-image\" data-id=\"e743ba7\" data-element_type=\"widget\" data-e-type=\"widget\" data-widget_type=\"image.default\">\n\t\t\t\t<div class=\"elementor-widget-container\">\n\t\t\t\t\t\t\t\t\t\t\t\t\t\t\t<img fetchpriority=\"high\" decoding=\"async\" width=\"640\" height=\"361\" src=\"https:\/\/www.deborah-firmin.fr\/wp-content\/uploads\/2024\/02\/couverture-facebook-animation-2-1024x577.png\" class=\"attachment-large size-large wp-image-44\" alt=\"\" srcset=\"https:\/\/www.deborah-firmin.fr\/wp-content\/uploads\/2024\/02\/couverture-facebook-animation-2-1024x577.png 1024w, https:\/\/www.deborah-firmin.fr\/wp-content\/uploads\/2024\/02\/couverture-facebook-animation-2-300x169.png 300w, https:\/\/www.deborah-firmin.fr\/wp-content\/uploads\/2024\/02\/couverture-facebook-animation-2-768x433.png 768w, https:\/\/www.deborah-firmin.fr\/wp-content\/uploads\/2024\/02\/couverture-facebook-animation-2-1536x865.png 1536w, https:\/\/www.deborah-firmin.fr\/wp-content\/uploads\/2024\/02\/couverture-facebook-animation-2-850x479.png 850w, https:\/\/www.deborah-firmin.fr\/wp-content\/uploads\/2024\/02\/couverture-facebook-animation-2.png 1640w\" sizes=\"(max-width: 640px) 100vw, 640px\" \/>\t\t\t\t\t\t\t\t\t\t\t\t\t\t\t<\/div>\n\t\t\t\t<\/div>\n\t\t\t\t\t<\/div>\n\t\t<\/div>\n\t\t\t\t\t<\/div>\n\t\t<\/section>\n\t\t\t\t<section class=\"elementor-section elementor-top-section elementor-element elementor-element-dc076a2 elementor-section-boxed elementor-section-height-default elementor-section-height-default\" data-id=\"dc076a2\" data-element_type=\"section\" data-e-type=\"section\">\n\t\t\t\t\t\t<div class=\"elementor-container elementor-column-gap-default\">\n\t\t\t\t\t<div class=\"elementor-column elementor-col-100 elementor-top-column elementor-element elementor-element-f2e3c1d\" data-id=\"f2e3c1d\" data-element_type=\"column\" data-e-type=\"column\">\n\t\t\t<div class=\"elementor-widget-wrap elementor-element-populated\">\n\t\t\t\t\t\t<div class=\"elementor-element elementor-element-1aeee2f elementor-widget elementor-widget-text-editor\" data-id=\"1aeee2f\" data-element_type=\"widget\" data-e-type=\"widget\" data-widget_type=\"text-editor.default\">\n\t\t\t\t<div class=\"elementor-widget-container\">\n\t\t\t\t\t\t\t\t\t<p>Bonjour ! J&rsquo;esp\u00e8re que vous allez bien\u00a0 ! En ce moment j&rsquo;ai trois passions !\u00a0 L&rsquo;animation en R\u00e9sidence Autonomie &#8211; Le dessin &#8211; La lecture.\u00a0 Je vais partager ici un peu des trois\u00a0<\/p>\t\t\t\t\t\t\t\t<\/div>\n\t\t\t\t<\/div>\n\t\t\t\t\t<\/div>\n\t\t<\/div>\n\t\t\t\t\t<\/div>\n\t\t<\/section>\n\t\t\t\t<\/div>\n\t\t","protected":false},"excerpt":{"rendered":"<p>Voici les derni\u00e8res pages ! Cliquer sur ce qui vous int\u00e9resse.<\/p>\n","protected":false},"author":1,"featured_media":0,"parent":0,"menu_order":0,"comment_status":"closed","ping_status":"closed","template":"elementor_header_footer","meta":{"footnotes":""},"class_list":["post-7","page","type-page","status-publish","hentry"],"yoast_head":"<!-- This site is optimized with the Yoast SEO plugin v19.12 - https:\/\/yoast.com\/wordpress\/plugins\/seo\/ -->\n<title>Page d&#039;accueil - D\u00e9borah Firmin<\/title>\n<meta name=\"robots\" content=\"index, follow, max-snippet:-1, max-image-preview:large, max-video-preview:-1\" \/>\n<link rel=\"canonical\" href=\"https:\/\/www.deborah-firmin.fr\/\" \/>\n<meta property=\"og:locale\" content=\"fr_FR\" \/>\n<meta property=\"og:type\" content=\"article\" \/>\n<meta property=\"og:title\" content=\"Page d&#039;accueil - D\u00e9borah Firmin\" \/>\n<meta property=\"og:description\" content=\"Voici les derni\u00e8res pages ! Cliquer sur ce qui vous int\u00e9resse.\" \/>\n<meta property=\"og:url\" content=\"https:\/\/www.deborah-firmin.fr\/\" \/>\n<meta property=\"og:site_name\" content=\"D\u00e9borah Firmin\" \/>\n<meta property=\"article:modified_time\" content=\"2024-02-21T20:42:38+00:00\" \/>\n<meta property=\"og:image\" content=\"https:\/\/www.deborah-firmin.fr\/wp-content\/uploads\/2024\/02\/couverture-facebook-animation-2-1024x577.png\" \/>\n<meta name=\"twitter:card\" content=\"summary_large_image\" \/>\n<script type=\"application\/ld+json\" class=\"yoast-schema-graph\">{\"@context\":\"https:\/\/schema.org\",\"@graph\":[{\"@type\":\"WebPage\",\"@id\":\"https:\/\/www.deborah-firmin.fr\/\",\"url\":\"https:\/\/www.deborah-firmin.fr\/\",\"name\":\"Page d'accueil - D\u00e9borah Firmin\",\"isPartOf\":{\"@id\":\"https:\/\/www.deborah-firmin.fr\/#website\"},\"datePublished\":\"2022-12-18T12:44:53+00:00\",\"dateModified\":\"2024-02-21T20:42:38+00:00\",\"breadcrumb\":{\"@id\":\"https:\/\/www.deborah-firmin.fr\/#breadcrumb\"},\"inLanguage\":\"fr-FR\",\"potentialAction\":[{\"@type\":\"ReadAction\",\"target\":[\"https:\/\/www.deborah-firmin.fr\/\"]}]},{\"@type\":\"BreadcrumbList\",\"@id\":\"https:\/\/www.deborah-firmin.fr\/#breadcrumb\",\"itemListElement\":[{\"@type\":\"ListItem\",\"position\":1,\"name\":\"Home\",\"item\":\"https:\/\/www.deborah-firmin.fr\/\"},{\"@type\":\"ListItem\",\"position\":2,\"name\":\"Page d&rsquo;accueil\"}]},{\"@type\":\"WebSite\",\"@id\":\"https:\/\/www.deborah-firmin.fr\/#website\",\"url\":\"https:\/\/www.deborah-firmin.fr\/\",\"name\":\"D\u00e9borah Firmin\",\"description\":\"Un site parlant animation en r\u00e9sidence autonomie des d\u00e9corations, de la lecture\",\"potentialAction\":[{\"@type\":\"SearchAction\",\"target\":{\"@type\":\"EntryPoint\",\"urlTemplate\":\"https:\/\/www.deborah-firmin.fr\/?s={search_term_string}\"},\"query-input\":\"required name=search_term_string\"}],\"inLanguage\":\"fr-FR\"}]}<\/script>\n<!-- \/ Yoast SEO plugin. -->","yoast_head_json":{"title":"Page d'accueil - D\u00e9borah Firmin","robots":{"index":"index","follow":"follow","max-snippet":"max-snippet:-1","max-image-preview":"max-image-preview:large","max-video-preview":"max-video-preview:-1"},"canonical":"https:\/\/www.deborah-firmin.fr\/","og_locale":"fr_FR","og_type":"article","og_title":"Page d'accueil - D\u00e9borah Firmin","og_description":"Voici les derni\u00e8res pages ! Cliquer sur ce qui vous int\u00e9resse.","og_url":"https:\/\/www.deborah-firmin.fr\/","og_site_name":"D\u00e9borah Firmin","article_modified_time":"2024-02-21T20:42:38+00:00","og_image":[{"url":"https:\/\/www.deborah-firmin.fr\/wp-content\/uploads\/2024\/02\/couverture-facebook-animation-2-1024x577.png"}],"twitter_card":"summary_large_image","schema":{"@context":"https:\/\/schema.org","@graph":[{"@type":"WebPage","@id":"https:\/\/www.deborah-firmin.fr\/","url":"https:\/\/www.deborah-firmin.fr\/","name":"Page d'accueil - D\u00e9borah Firmin","isPartOf":{"@id":"https:\/\/www.deborah-firmin.fr\/#website"},"datePublished":"2022-12-18T12:44:53+00:00","dateModified":"2024-02-21T20:42:38+00:00","breadcrumb":{"@id":"https:\/\/www.deborah-firmin.fr\/#breadcrumb"},"inLanguage":"fr-FR","potentialAction":[{"@type":"ReadAction","target":["https:\/\/www.deborah-firmin.fr\/"]}]},{"@type":"BreadcrumbList","@id":"https:\/\/www.deborah-firmin.fr\/#breadcrumb","itemListElement":[{"@type":"ListItem","position":1,"name":"Home","item":"https:\/\/www.deborah-firmin.fr\/"},{"@type":"ListItem","position":2,"name":"Page d&rsquo;accueil"}]},{"@type":"WebSite","@id":"https:\/\/www.deborah-firmin.fr\/#website","url":"https:\/\/www.deborah-firmin.fr\/","name":"D\u00e9borah Firmin","description":"Un site parlant animation en r\u00e9sidence autonomie des d\u00e9corations, de la lecture","potentialAction":[{"@type":"SearchAction","target":{"@type":"EntryPoint","urlTemplate":"https:\/\/www.deborah-firmin.fr\/?s={search_term_string}"},"query-input":"required name=search_term_string"}],"inLanguage":"fr-FR"}]}},"_links":{"self":[{"href":"https:\/\/www.deborah-firmin.fr\/index.php?rest_route=\/wp\/v2\/pages\/7","targetHints":{"allow":["GET"]}}],"collection":[{"href":"https:\/\/www.deborah-firmin.fr\/index.php?rest_route=\/wp\/v2\/pages"}],"about":[{"href":"https:\/\/www.deborah-firmin.fr\/index.php?rest_route=\/wp\/v2\/types\/page"}],"author":[{"embeddable":true,"href":"https:\/\/www.deborah-firmin.fr\/index.php?rest_route=\/wp\/v2\/users\/1"}],"replies":[{"embeddable":true,"href":"https:\/\/www.deborah-firmin.fr\/index.php?rest_route=%2Fwp%2Fv2%2Fcomments&post=7"}],"version-history":[{"count":17,"href":"https:\/\/www.deborah-firmin.fr\/index.php?rest_route=\/wp\/v2\/pages\/7\/revisions"}],"predecessor-version":[{"id":85,"href":"https:\/\/www.deborah-firmin.fr\/index.php?rest_route=\/wp\/v2\/pages\/7\/revisions\/85"}],"wp:attachment":[{"href":"https:\/\/www.deborah-firmin.fr\/index.php?rest_route=%2Fwp%2Fv2%2Fmedia&parent=7"}],"curies":[{"name":"wp","href":"https:\/\/api.w.org\/{rel}","templated":true}]}}